{"id":7031,"date":"2025-11-20T08:42:32","date_gmt":"2025-11-20T16:42:32","guid":{"rendered":"https:\/\/nems.org\/?page_id=7031"},"modified":"2026-01-26T16:21:37","modified_gmt":"2026-01-27T00:21:37","slug":"mcassist","status":"publish","type":"page","link":"https:\/\/www.nems.org\/viet\/resources\/mcassist\/","title":{"rendered":"H\u1ed7 tr\u1ee3 Medi-Cal"},"content":{"rendered":"","protected":false},"excerpt":{"rendered":"","protected":false},"author":13,"featured_media":0,"parent":59,"menu_order":0,"comment_status":"closed","ping_status":"closed","template":"template-mcassist.php","meta":{"_acf_changed":false,"footnotes":""},"class_list":["post-7031","page","type-page","status-publish","hentry"],"acf":[],"yoast_head":"<!-- This site is optimized with the Yoast SEO plugin v27.6 - https:\/\/yoast.com\/product\/yoast-seo-wordpress\/ -->\n<title>Medi-Cal Assistance - NEMS<\/title>\n<meta name=\"description\" content=\"Get Covered Now and Stay Covered! At this time, everyone can apply for full-scope Medi-Cal (California&#039;s Medicaid) coverage, no matter their residency status. Starting January 1, 2026, some adults ages 19 years and older who do not meet satisfactory status will no longer be able to sign up for full-scope Medi-Cal. Apply today before the Medi-Cal enrollment freeze begins.\" \/>\n<meta name=\"robots\" content=\"index, follow, max-snippet:-1, max-image-preview:large, max-video-preview:-1\" \/>\n<link rel=\"canonical\" href=\"https:\/\/www.nems.org\/viet\/tai-nguyen\/mcassist\/\" \/>\n<meta property=\"og:locale\" content=\"vi_VN\" \/>\n<meta property=\"og:type\" content=\"article\" \/>\n<meta property=\"og:title\" content=\"Medi-Cal Assistance - NEMS\" \/>\n<meta property=\"og:description\" content=\"Get Covered Now and Stay Covered! At this time, everyone can apply for full-scope Medi-Cal (California&#039;s Medicaid) coverage, no matter their residency status. Starting January 1, 2026, some adults ages 19 years and older who do not meet satisfactory status will no longer be able to sign up for full-scope Medi-Cal. Apply today before the Medi-Cal enrollment freeze begins.\" \/>\n<meta property=\"og:url\" content=\"https:\/\/www.nems.org\/viet\/tai-nguyen\/mcassist\/\" \/>\n<meta property=\"og:site_name\" content=\"NEMS\" \/>\n<meta property=\"article:modified_time\" content=\"2026-01-27T00:21:37+00:00\" \/>\n<meta name=\"twitter:card\" content=\"summary_large_image\" \/>\n<script type=\"application\/ld+json\" class=\"yoast-schema-graph\">{\"@context\":\"https:\\\/\\\/schema.org\",\"@graph\":[{\"@type\":\"WebPage\",\"@id\":\"https:\\\/\\\/www.nems.org\\\/resources\\\/mcassist\\\/\",\"url\":\"https:\\\/\\\/www.nems.org\\\/resources\\\/mcassist\\\/\",\"name\":\"Medi-Cal Assistance - NEMS\",\"isPartOf\":{\"@id\":\"https:\\\/\\\/www.nems.org\\\/#website\"},\"datePublished\":\"2025-11-20T16:42:32+00:00\",\"dateModified\":\"2026-01-27T00:21:37+00:00\",\"description\":\"Get Covered Now and Stay Covered! At this time, everyone can apply for full-scope Medi-Cal (California's Medicaid) coverage, no matter their residency status. Starting January 1, 2026, some adults ages 19 years and older who do not meet satisfactory status will no longer be able to sign up for full-scope Medi-Cal. Apply today before the Medi-Cal enrollment freeze begins.\",\"breadcrumb\":{\"@id\":\"https:\\\/\\\/www.nems.org\\\/resources\\\/mcassist\\\/#breadcrumb\"},\"inLanguage\":\"vi\",\"potentialAction\":[{\"@type\":\"ReadAction\",\"target\":[\"https:\\\/\\\/www.nems.org\\\/resources\\\/mcassist\\\/\"]}]},{\"@type\":\"BreadcrumbList\",\"@id\":\"https:\\\/\\\/www.nems.org\\\/resources\\\/mcassist\\\/#breadcrumb\",\"itemListElement\":[{\"@type\":\"ListItem\",\"position\":1,\"name\":\"Home\",\"item\":\"https:\\\/\\\/www.nems.org\\\/\"},{\"@type\":\"ListItem\",\"position\":2,\"name\":\"Resources\",\"item\":\"https:\\\/\\\/www.nems.org\\\/resources\\\/\"},{\"@type\":\"ListItem\",\"position\":3,\"name\":\"Medi-Cal Assistance\"}]},{\"@type\":\"WebSite\",\"@id\":\"https:\\\/\\\/www.nems.org\\\/#website\",\"url\":\"https:\\\/\\\/www.nems.org\\\/\",\"name\":\"NEMS\",\"description\":\"North East Medical Services (NEMS) is a non-profit community health center serving the San Francisco Bay Area\",\"potentialAction\":[{\"@type\":\"SearchAction\",\"target\":{\"@type\":\"EntryPoint\",\"urlTemplate\":\"https:\\\/\\\/www.nems.org\\\/?s={search_term_string}\"},\"query-input\":{\"@type\":\"PropertyValueSpecification\",\"valueRequired\":true,\"valueName\":\"search_term_string\"}}],\"inLanguage\":\"vi\"}]}<\/script>\n<!-- \/ Yoast SEO plugin. -->","yoast_head_json":{"title":"Ch\u01b0\u01a1ng tr\u00ecnh h\u1ed7 tr\u1ee3 y t\u1ebf Medi-Cal - NEMS","description":"\u0110\u0103ng k\u00fd ngay v\u00e0 duy tr\u00ec b\u1ea3o hi\u1ec3m! Hi\u1ec7n t\u1ea1i, m\u1ecdi ng\u01b0\u1eddi \u0111\u1ec1u c\u00f3 th\u1ec3 \u0111\u0103ng k\u00fd b\u1ea3o hi\u1ec3m Medi-Cal to\u00e0n di\u1ec7n (ch\u01b0\u01a1ng tr\u00ecnh Medicaid c\u1ee7a California), b\u1ea5t k\u1ec3 t\u00ecnh tr\u1ea1ng c\u01b0 tr\u00fa. B\u1eaft \u0111\u1ea7u t\u1eeb ng\u00e0y 1 th\u00e1ng 1 n\u0103m 2026, m\u1ed9t s\u1ed1 ng\u01b0\u1eddi l\u1edbn t\u1eeb 19 tu\u1ed5i tr\u1edf l\u00ean kh\u00f4ng \u0111\u00e1p \u1ee9ng \u0111\u1ee7 \u0111i\u1ec1u ki\u1ec7n s\u1ebd kh\u00f4ng c\u00f2n \u0111\u01b0\u1ee3c \u0111\u0103ng k\u00fd b\u1ea3o hi\u1ec3m Medi-Cal to\u00e0n di\u1ec7n n\u1eefa. H\u00e3y \u0111\u0103ng k\u00fd ngay h\u00f4m nay tr\u01b0\u1edbc khi l\u1ec7nh t\u1ea1m d\u1eebng \u0111\u0103ng k\u00fd Medi-Cal b\u1eaft \u0111\u1ea7u.","robots":{"index":"index","follow":"follow","max-snippet":"max-snippet:-1","max-image-preview":"max-image-preview:large","max-video-preview":"max-video-preview:-1"},"canonical":"https:\/\/www.nems.org\/viet\/tai-nguyen\/mcassist\/","og_locale":"vi_VN","og_type":"article","og_title":"Medi-Cal Assistance - NEMS","og_description":"Get Covered Now and Stay Covered! At this time, everyone can apply for full-scope Medi-Cal (California's Medicaid) coverage, no matter their residency status. Starting January 1, 2026, some adults ages 19 years and older who do not meet satisfactory status will no longer be able to sign up for full-scope Medi-Cal. Apply today before the Medi-Cal enrollment freeze begins.","og_url":"https:\/\/www.nems.org\/viet\/tai-nguyen\/mcassist\/","og_site_name":"NEMS","article_modified_time":"2026-01-27T00:21:37+00:00","twitter_card":"summary_large_image","schema":{"@context":"https:\/\/schema.org","@graph":[{"@type":"WebPage","@id":"https:\/\/www.nems.org\/resources\/mcassist\/","url":"https:\/\/www.nems.org\/resources\/mcassist\/","name":"Ch\u01b0\u01a1ng tr\u00ecnh h\u1ed7 tr\u1ee3 y t\u1ebf Medi-Cal - NEMS","isPartOf":{"@id":"https:\/\/www.nems.org\/#website"},"datePublished":"2025-11-20T16:42:32+00:00","dateModified":"2026-01-27T00:21:37+00:00","description":"\u0110\u0103ng k\u00fd ngay v\u00e0 duy tr\u00ec b\u1ea3o hi\u1ec3m! Hi\u1ec7n t\u1ea1i, m\u1ecdi ng\u01b0\u1eddi \u0111\u1ec1u c\u00f3 th\u1ec3 \u0111\u0103ng k\u00fd b\u1ea3o hi\u1ec3m Medi-Cal to\u00e0n di\u1ec7n (ch\u01b0\u01a1ng tr\u00ecnh Medicaid c\u1ee7a California), b\u1ea5t k\u1ec3 t\u00ecnh tr\u1ea1ng c\u01b0 tr\u00fa. B\u1eaft \u0111\u1ea7u t\u1eeb ng\u00e0y 1 th\u00e1ng 1 n\u0103m 2026, m\u1ed9t s\u1ed1 ng\u01b0\u1eddi l\u1edbn t\u1eeb 19 tu\u1ed5i tr\u1edf l\u00ean kh\u00f4ng \u0111\u00e1p \u1ee9ng \u0111\u1ee7 \u0111i\u1ec1u ki\u1ec7n s\u1ebd kh\u00f4ng c\u00f2n \u0111\u01b0\u1ee3c \u0111\u0103ng k\u00fd b\u1ea3o hi\u1ec3m Medi-Cal to\u00e0n di\u1ec7n n\u1eefa. H\u00e3y \u0111\u0103ng k\u00fd ngay h\u00f4m nay tr\u01b0\u1edbc khi l\u1ec7nh t\u1ea1m d\u1eebng \u0111\u0103ng k\u00fd Medi-Cal b\u1eaft \u0111\u1ea7u.","breadcrumb":{"@id":"https:\/\/www.nems.org\/resources\/mcassist\/#breadcrumb"},"inLanguage":"vi","potentialAction":[{"@type":"ReadAction","target":["https:\/\/www.nems.org\/resources\/mcassist\/"]}]},{"@type":"BreadcrumbList","@id":"https:\/\/www.nems.org\/resources\/mcassist\/#breadcrumb","itemListElement":[{"@type":"ListItem","position":1,"name":"Home","item":"https:\/\/www.nems.org\/"},{"@type":"ListItem","position":2,"name":"Resources","item":"https:\/\/www.nems.org\/resources\/"},{"@type":"ListItem","position":3,"name":"Medi-Cal Assistance"}]},{"@type":"WebSite","@id":"https:\/\/www.nems.org\/#website","url":"https:\/\/www.nems.org\/","name":"NEMS","description":"North East Medical Services (NEMS) l\u00e0 m\u1ed9t trung t\u00e2m y t\u1ebf c\u1ed9ng \u0111\u1ed3ng phi l\u1ee3i nhu\u1eadn ph\u1ee5c v\u1ee5 Khu v\u1ef1c V\u1ecbnh San Francisco","potentialAction":[{"@type":"SearchAction","target":{"@type":"EntryPoint","urlTemplate":"https:\/\/www.nems.org\/?s={search_term_string}"},"query-input":{"@type":"PropertyValueSpecification","valueRequired":true,"valueName":"search_term_string"}}],"inLanguage":"vi"}]}},"_links":{"self":[{"href":"https:\/\/www.nems.org\/viet\/wp-json\/wp\/v2\/pages\/7031","targetHints":{"allow":["GET"]}}],"collection":[{"href":"https:\/\/www.nems.org\/viet\/wp-json\/wp\/v2\/pages"}],"about":[{"href":"https:\/\/www.nems.org\/viet\/wp-json\/wp\/v2\/types\/page"}],"author":[{"embeddable":true,"href":"https:\/\/www.nems.org\/viet\/wp-json\/wp\/v2\/users\/13"}],"replies":[{"embeddable":true,"href":"https:\/\/www.nems.org\/viet\/wp-json\/wp\/v2\/comments?post=7031"}],"version-history":[{"count":0,"href":"https:\/\/www.nems.org\/viet\/wp-json\/wp\/v2\/pages\/7031\/revisions"}],"up":[{"embeddable":true,"href":"https:\/\/www.nems.org\/viet\/wp-json\/wp\/v2\/pages\/59"}],"wp:attachment":[{"href":"https:\/\/www.nems.org\/viet\/wp-json\/wp\/v2\/media?parent=7031"}],"curies":[{"name":"wp","href":"https:\/\/api.w.org\/{rel}","templated":true}]}}