{"id":4574,"date":"2023-03-07T17:33:29","date_gmt":"2023-03-08T01:33:29","guid":{"rendered":"https:\/\/nems.org\/?page_id=4574"},"modified":"2026-04-15T17:22:46","modified_gmt":"2026-04-16T00:22:46","slug":"liverhealth","status":"publish","type":"page","link":"https:\/\/www.nems.org\/viet\/programs\/liverhealth\/","title":{"rendered":"NEMS Ch\u01b0\u01a1ng tr\u00ecnh b\u1ea3o v\u1ec7 v\u00e0 ch\u0103m s\u00f3c gan"},"content":{"rendered":"","protected":false},"excerpt":{"rendered":"","protected":false},"author":10,"featured_media":0,"parent":61,"menu_order":0,"comment_status":"closed","ping_status":"closed","template":"template-general.php","meta":{"_acf_changed":false,"footnotes":""},"class_list":["post-4574","page","type-page","status-publish","hentry"],"acf":[],"yoast_head":"<!-- This site is optimized with the Yoast SEO plugin v27.5 - https:\/\/yoast.com\/product\/yoast-seo-wordpress\/ -->\n<title>NEMS Liver Health Program - NEMS<\/title>\n<meta name=\"robots\" content=\"index, follow, max-snippet:-1, max-image-preview:large, max-video-preview:-1\" \/>\n<link rel=\"canonical\" href=\"https:\/\/www.nems.org\/viet\/chuong-trinh\/liverhealth\/\" \/>\n<meta property=\"og:locale\" content=\"vi_VN\" \/>\n<meta property=\"og:type\" content=\"article\" \/>\n<meta property=\"og:title\" content=\"NEMS Liver Health Program - NEMS\" \/>\n<meta property=\"og:url\" content=\"https:\/\/www.nems.org\/viet\/chuong-trinh\/liverhealth\/\" \/>\n<meta property=\"og:site_name\" content=\"NEMS\" \/>\n<meta property=\"article:modified_time\" content=\"2026-04-16T00:22:46+00:00\" \/>\n<meta name=\"twitter:card\" content=\"summary_large_image\" \/>\n<script type=\"application\/ld+json\" class=\"yoast-schema-graph\">{\"@context\":\"https:\\\/\\\/schema.org\",\"@graph\":[{\"@type\":\"WebPage\",\"@id\":\"https:\\\/\\\/www.nems.org\\\/programs\\\/liverhealth\\\/\",\"url\":\"https:\\\/\\\/www.nems.org\\\/programs\\\/liverhealth\\\/\",\"name\":\"NEMS Liver Health Program - NEMS\",\"isPartOf\":{\"@id\":\"https:\\\/\\\/www.nems.org\\\/#website\"},\"datePublished\":\"2023-03-08T01:33:29+00:00\",\"dateModified\":\"2026-04-16T00:22:46+00:00\",\"breadcrumb\":{\"@id\":\"https:\\\/\\\/www.nems.org\\\/programs\\\/liverhealth\\\/#breadcrumb\"},\"inLanguage\":\"vi\",\"potentialAction\":[{\"@type\":\"ReadAction\",\"target\":[\"https:\\\/\\\/www.nems.org\\\/programs\\\/liverhealth\\\/\"]}]},{\"@type\":\"BreadcrumbList\",\"@id\":\"https:\\\/\\\/www.nems.org\\\/programs\\\/liverhealth\\\/#breadcrumb\",\"itemListElement\":[{\"@type\":\"ListItem\",\"position\":1,\"name\":\"Home\",\"item\":\"https:\\\/\\\/www.nems.org\\\/\"},{\"@type\":\"ListItem\",\"position\":2,\"name\":\"Programs\",\"item\":\"https:\\\/\\\/www.nems.org\\\/programs\\\/\"},{\"@type\":\"ListItem\",\"position\":3,\"name\":\"NEMS Liver Health Program\"}]},{\"@type\":\"WebSite\",\"@id\":\"https:\\\/\\\/www.nems.org\\\/#website\",\"url\":\"https:\\\/\\\/www.nems.org\\\/\",\"name\":\"NEMS\",\"description\":\"North East Medical Services (NEMS) is a non-profit community health center serving the San Francisco Bay Area\",\"potentialAction\":[{\"@type\":\"SearchAction\",\"target\":{\"@type\":\"EntryPoint\",\"urlTemplate\":\"https:\\\/\\\/www.nems.org\\\/?s={search_term_string}\"},\"query-input\":{\"@type\":\"PropertyValueSpecification\",\"valueRequired\":true,\"valueName\":\"search_term_string\"}}],\"inLanguage\":\"vi\"}]}<\/script>\n<!-- \/ Yoast SEO plugin. -->","yoast_head_json":{"title":"Ch\u01b0\u01a1ng tr\u00ecnh S\u1ee9c kh\u1ecfe Gan c\u1ee7a NEMS - NEMS","robots":{"index":"index","follow":"follow","max-snippet":"max-snippet:-1","max-image-preview":"max-image-preview:large","max-video-preview":"max-video-preview:-1"},"canonical":"https:\/\/www.nems.org\/viet\/chuong-trinh\/liverhealth\/","og_locale":"vi_VN","og_type":"article","og_title":"NEMS Liver Health Program - NEMS","og_url":"https:\/\/www.nems.org\/viet\/chuong-trinh\/liverhealth\/","og_site_name":"NEMS","article_modified_time":"2026-04-16T00:22:46+00:00","twitter_card":"summary_large_image","schema":{"@context":"https:\/\/schema.org","@graph":[{"@type":"WebPage","@id":"https:\/\/www.nems.org\/programs\/liverhealth\/","url":"https:\/\/www.nems.org\/programs\/liverhealth\/","name":"Ch\u01b0\u01a1ng tr\u00ecnh S\u1ee9c kh\u1ecfe Gan c\u1ee7a NEMS - NEMS","isPartOf":{"@id":"https:\/\/www.nems.org\/#website"},"datePublished":"2023-03-08T01:33:29+00:00","dateModified":"2026-04-16T00:22:46+00:00","breadcrumb":{"@id":"https:\/\/www.nems.org\/programs\/liverhealth\/#breadcrumb"},"inLanguage":"vi","potentialAction":[{"@type":"ReadAction","target":["https:\/\/www.nems.org\/programs\/liverhealth\/"]}]},{"@type":"BreadcrumbList","@id":"https:\/\/www.nems.org\/programs\/liverhealth\/#breadcrumb","itemListElement":[{"@type":"ListItem","position":1,"name":"Home","item":"https:\/\/www.nems.org\/"},{"@type":"ListItem","position":2,"name":"Programs","item":"https:\/\/www.nems.org\/programs\/"},{"@type":"ListItem","position":3,"name":"NEMS Liver Health Program"}]},{"@type":"WebSite","@id":"https:\/\/www.nems.org\/#website","url":"https:\/\/www.nems.org\/","name":"NEMS","description":"North East Medical Services (NEMS) l\u00e0 m\u1ed9t trung t\u00e2m y t\u1ebf c\u1ed9ng \u0111\u1ed3ng phi l\u1ee3i nhu\u1eadn ph\u1ee5c v\u1ee5 Khu v\u1ef1c V\u1ecbnh San Francisco","potentialAction":[{"@type":"SearchAction","target":{"@type":"EntryPoint","urlTemplate":"https:\/\/www.nems.org\/?s={search_term_string}"},"query-input":{"@type":"PropertyValueSpecification","valueRequired":true,"valueName":"search_term_string"}}],"inLanguage":"vi"}]}},"_links":{"self":[{"href":"https:\/\/www.nems.org\/viet\/wp-json\/wp\/v2\/pages\/4574","targetHints":{"allow":["GET"]}}],"collection":[{"href":"https:\/\/www.nems.org\/viet\/wp-json\/wp\/v2\/pages"}],"about":[{"href":"https:\/\/www.nems.org\/viet\/wp-json\/wp\/v2\/types\/page"}],"author":[{"embeddable":true,"href":"https:\/\/www.nems.org\/viet\/wp-json\/wp\/v2\/users\/10"}],"replies":[{"embeddable":true,"href":"https:\/\/www.nems.org\/viet\/wp-json\/wp\/v2\/comments?post=4574"}],"version-history":[{"count":0,"href":"https:\/\/www.nems.org\/viet\/wp-json\/wp\/v2\/pages\/4574\/revisions"}],"up":[{"embeddable":true,"href":"https:\/\/www.nems.org\/viet\/wp-json\/wp\/v2\/pages\/61"}],"wp:attachment":[{"href":"https:\/\/www.nems.org\/viet\/wp-json\/wp\/v2\/media?parent=4574"}],"curies":[{"name":"wp","href":"https:\/\/api.w.org\/{rel}","templated":true}]}}