{"id":34,"date":"2022-02-23T09:47:13","date_gmt":"2022-02-23T17:47:13","guid":{"rendered":"https:\/\/nems.org\/?page_id=34"},"modified":"2026-01-16T17:26:29","modified_gmt":"2026-01-17T01:26:29","slug":"hogar","status":"publish","type":"page","link":"https:\/\/www.nems.org\/span\/","title":{"rendered":"P\u00e1gina de Inicio"},"content":{"rendered":"","protected":false},"excerpt":{"rendered":"","protected":false},"author":3,"featured_media":0,"parent":0,"menu_order":0,"comment_status":"closed","ping_status":"closed","template":"template-home.php","meta":{"_acf_changed":false,"footnotes":""},"class_list":["post-34","page","type-page","status-publish","hentry"],"acf":[],"yoast_head":"<!-- This site is optimized with the Yoast SEO plugin v27.4 - https:\/\/yoast.com\/product\/yoast-seo-wordpress\/ -->\n<title>Home - NEMS<\/title>\n<meta name=\"description\" content=\"North East Medical Services (NEMS) is a non-profit community health center serving the San Francisco Bay Area for over 50 years.\" \/>\n<meta name=\"robots\" content=\"index, follow, max-snippet:-1, max-image-preview:large, max-video-preview:-1\" \/>\n<link rel=\"canonical\" href=\"https:\/\/www.nems.org\/span\/\" \/>\n<meta property=\"og:locale\" content=\"es_MX\" \/>\n<meta property=\"og:type\" content=\"article\" \/>\n<meta property=\"og:title\" content=\"Home - NEMS\" \/>\n<meta property=\"og:description\" content=\"North East Medical Services (NEMS) is a non-profit community health center serving the San Francisco Bay Area for over 50 years.\" \/>\n<meta property=\"og:url\" content=\"https:\/\/www.nems.org\/span\/\" \/>\n<meta property=\"og:site_name\" content=\"NEMS\" \/>\n<meta property=\"article:modified_time\" content=\"2026-01-17T01:26:29+00:00\" \/>\n<meta name=\"twitter:card\" content=\"summary_large_image\" \/>\n<script type=\"application\/ld+json\" class=\"yoast-schema-graph\">{\"@context\":\"https:\\\/\\\/schema.org\",\"@graph\":[{\"@type\":\"WebPage\",\"@id\":\"https:\\\/\\\/www.nems.org\\\/\",\"url\":\"https:\\\/\\\/www.nems.org\\\/\",\"name\":\"Home - NEMS\",\"isPartOf\":{\"@id\":\"https:\\\/\\\/www.nems.org\\\/#website\"},\"datePublished\":\"2022-02-23T17:47:13+00:00\",\"dateModified\":\"2026-01-17T01:26:29+00:00\",\"description\":\"North East Medical Services (NEMS) is a non-profit community health center serving the San Francisco Bay Area for over 50 years.\",\"breadcrumb\":{\"@id\":\"https:\\\/\\\/www.nems.org\\\/#breadcrumb\"},\"inLanguage\":\"es\",\"potentialAction\":[{\"@type\":\"ReadAction\",\"target\":[\"https:\\\/\\\/www.nems.org\\\/\"]}]},{\"@type\":\"BreadcrumbList\",\"@id\":\"https:\\\/\\\/www.nems.org\\\/#breadcrumb\",\"itemListElement\":[{\"@type\":\"ListItem\",\"position\":1,\"name\":\"Home\",\"item\":\"https:\\\/\\\/www.nems.org\\\/\"},{\"@type\":\"ListItem\",\"position\":2,\"name\":\"Home\"}]},{\"@type\":\"WebSite\",\"@id\":\"https:\\\/\\\/www.nems.org\\\/#website\",\"url\":\"https:\\\/\\\/www.nems.org\\\/\",\"name\":\"NEMS\",\"description\":\"North East Medical Services (NEMS) is a non-profit community health center serving the San Francisco Bay Area\",\"potentialAction\":[{\"@type\":\"SearchAction\",\"target\":{\"@type\":\"EntryPoint\",\"urlTemplate\":\"https:\\\/\\\/www.nems.org\\\/?s={search_term_string}\"},\"query-input\":{\"@type\":\"PropertyValueSpecification\",\"valueRequired\":true,\"valueName\":\"search_term_string\"}}],\"inLanguage\":\"es\"}]}<\/script>\n<!-- \/ Yoast SEO plugin. -->","yoast_head_json":{"title":"Inicio - NEMS","description":"North East Medical Services (NEMS) es un centro de salud comunitario sin fines de lucro que presta servicios en el \u00e1rea de la Bah\u00eda de San Francisco desde hace m\u00e1s de 50 a\u00f1os.","robots":{"index":"index","follow":"follow","max-snippet":"max-snippet:-1","max-image-preview":"max-image-preview:large","max-video-preview":"max-video-preview:-1"},"canonical":"https:\/\/www.nems.org\/span\/","og_locale":"es_MX","og_type":"article","og_title":"Home - NEMS","og_description":"North East Medical Services (NEMS) is a non-profit community health center serving the San Francisco Bay Area for over 50 years.","og_url":"https:\/\/www.nems.org\/span\/","og_site_name":"NEMS","article_modified_time":"2026-01-17T01:26:29+00:00","twitter_card":"summary_large_image","schema":{"@context":"https:\/\/schema.org","@graph":[{"@type":"WebPage","@id":"https:\/\/www.nems.org\/","url":"https:\/\/www.nems.org\/","name":"Inicio - NEMS","isPartOf":{"@id":"https:\/\/www.nems.org\/#website"},"datePublished":"2022-02-23T17:47:13+00:00","dateModified":"2026-01-17T01:26:29+00:00","description":"North East Medical Services (NEMS) es un centro de salud comunitario sin fines de lucro que presta servicios en el \u00e1rea de la Bah\u00eda de San Francisco desde hace m\u00e1s de 50 a\u00f1os.","breadcrumb":{"@id":"https:\/\/www.nems.org\/#breadcrumb"},"inLanguage":"es","potentialAction":[{"@type":"ReadAction","target":["https:\/\/www.nems.org\/"]}]},{"@type":"BreadcrumbList","@id":"https:\/\/www.nems.org\/#breadcrumb","itemListElement":[{"@type":"ListItem","position":1,"name":"Home","item":"https:\/\/www.nems.org\/"},{"@type":"ListItem","position":2,"name":"Home"}]},{"@type":"WebSite","@id":"https:\/\/www.nems.org\/#website","url":"https:\/\/www.nems.org\/","name":"NEMS","description":"North East Medical Services (NEMS) es un centro de salud comunitario sin fines de lucro que presta servicios en el \u00c1rea de la Bah\u00eda de San Francisco.","potentialAction":[{"@type":"SearchAction","target":{"@type":"EntryPoint","urlTemplate":"https:\/\/www.nems.org\/?s={search_term_string}"},"query-input":{"@type":"PropertyValueSpecification","valueRequired":true,"valueName":"search_term_string"}}],"inLanguage":"es"}]}},"_links":{"self":[{"href":"https:\/\/www.nems.org\/span\/wp-json\/wp\/v2\/pages\/34","targetHints":{"allow":["GET"]}}],"collection":[{"href":"https:\/\/www.nems.org\/span\/wp-json\/wp\/v2\/pages"}],"about":[{"href":"https:\/\/www.nems.org\/span\/wp-json\/wp\/v2\/types\/page"}],"author":[{"embeddable":true,"href":"https:\/\/www.nems.org\/span\/wp-json\/wp\/v2\/users\/3"}],"replies":[{"embeddable":true,"href":"https:\/\/www.nems.org\/span\/wp-json\/wp\/v2\/comments?post=34"}],"version-history":[{"count":0,"href":"https:\/\/www.nems.org\/span\/wp-json\/wp\/v2\/pages\/34\/revisions"}],"wp:attachment":[{"href":"https:\/\/www.nems.org\/span\/wp-json\/wp\/v2\/media?parent=34"}],"curies":[{"name":"Gracias","href":"https:\/\/api.w.org\/{rel}","templated":true}]}}